{"id":82,"date":"2013-05-30T02:38:41","date_gmt":"2013-05-30T00:38:41","guid":{"rendered":"http:\/\/www.pumilano.it\/workshop-euro-guerra\/?page_id=82"},"modified":"2013-06-19T03:11:53","modified_gmt":"2013-06-19T01:11:53","slug":"workshop","status":"publish","type":"page","link":"https:\/\/www.pumilano.it\/workshop-euro-guerra\/workshop\/","title":{"rendered":"workshop"},"content":{"rendered":"<p><b>Workshop \u201cLa guerra dell\u2019euro: Comprenderla per difenderci\u201d<\/b><br \/>\nworkshop con <strong>Nino Galloni<\/strong> ed il Partito Umanista<\/p>\n<p>La cosiddetta <b>\u201ccrisi\u201d dell\u2019Euro-Zona<\/b>\u00a0 \u00e8 in verit\u00e0 una <b>guerra moderna<\/b>, combattuta con le armi dei mercati finanziari. Una guerra di conquista. \u00c8 ora che si sappia, \u00e8 ora che si comprenda, se vogliamo difenderci e salvare l\u2019economia reale, i diritti e la democrazia in Europa.<\/p>\n<p><b>L\u2019euro, per come \u00e8 stato concepito, si sta rivelando un\u2019arma di distruzione di massa<\/b>, che ha permesso che le economie dei paesi europei venissero asservite ai giochi speculativi della finanza internazionale. I paesi del Nord Europa, per non soccombere, hanno scaricato la \u201ccrisi\u201d su quelli del Sud, imponendo le politiche di austerit\u00e0 che li stanno strangolando; ma, simultaneamente, hanno cominciato a ridurre i diritti e lo stato sociale anche al loro stesso interno.<\/p>\n<div>\n<p><b>La Troika<\/b>, costituita da organismi non eletti e non controllabili (BCE, FMI e Commissione Europea), <b>governa l\u2019Europa portando avanti gli interessi del capitale finanziario internazionale<\/b>, che rappresenta esplicitamente. Dovrebbe essere condannata per crimini contro l\u2019umanit\u00e0!<\/p>\n<\/div>\n<div>Intanto una <b>classe politica inetta o complice<\/b>, negli ultimi vent\u2019anni <b>ha firmato i trattati con i quali condannava i suoi stessi popoli alla miseria e alla perdita dei diritti e della democrazia<\/b>: ha tradito e continua a tradire il mandato ricevuto dai suoi elettori.<b>Cosa fare in questa situazione, come difenderci? L\u2019Unione Europea \u00e8 da rifare e l\u2019euro va disinnescato, mentre si deve conquistare la democrazia reale, che porti la sovranit\u00e0 nelle mani dei cittadini, nelle nostre mani.<\/b><\/div>\n<p><b>Per comprendere<\/b> questa guerra e trovare vie d\u2019uscita \u00e8 nato il <b>workshop \u201cLa guerra dell\u2019euro\u201d.<\/b><\/p>\n<h2>Sabato 22 Giugno 2013 ore 9.30 Milano<\/h2>\n<p><strong>Ci sono disponibili al massimo 100 posti<\/strong> e non \u00e8 possibile superare tale capacit\u00e0 della sala , per questa ragione \u00e8 buona cosa <a title=\"prenotazioni\" href=\"http:\/\/www.pumilano.it\/workshop-euro-guerra\/prenotazioni\/\"><strong>PRENOTARSI IL POSTO<\/strong><\/a>.<\/p>\n<p><a href=\"workshop-euro-guerra\/prenotazioni\/\" target=\"_blank\"><img decoding=\"async\" alt=\"\" src=\"https:\/\/mail.google.com\/mail\/u\/0\/?ui=2&amp;ik=6e77a46675&amp;view=att&amp;th=13f37574c84b4cb5&amp;attid=0.2&amp;disp=emb&amp;realattid=3c4e5c2a042ccf46_0.3&amp;zw&amp;atsh=1\" \/><\/a> \u00a0 <a href=\"https:\/\/www.facebook.com\/events\/418138314960725\/\" target=\"_blank\"><img decoding=\"async\" alt=\"\" src=\"https:\/\/mail.google.com\/mail\/u\/0\/?ui=2&amp;ik=6e77a46675&amp;view=att&amp;th=13f37574c84b4cb5&amp;attid=0.3&amp;disp=emb&amp;realattid=3c4e5c2a042ccf46_0.4&amp;zw&amp;atsh=1\" \/><\/a><b><br \/>\n<\/b><\/p>\n<p>Spazio del Sole e della Luna<br \/>\nVia Ulisse Dini, 7<br \/>\n20142 Milano<br \/>\nTram: 3-15\u00a0\u00a0 Metro: MM2<br \/>\nfermata: Abbiategrasso Chiesa Rossa<\/p>\n<p><strong>Programma:<\/strong><\/p>\n<p>9.30 &#8211; 11.30 Interventi<br \/>\n11.30 -11.45 Coffe Break<br \/>\n11.45 -13.00 Interventi<br \/>\n13.00 &#8211; 14.00 Domande<br \/>\n14.00 &#8211; 14.30 Chiusura<\/p>\n","protected":false},"excerpt":{"rendered":"<p>Workshop \u201cLa guerra dell\u2019euro: Comprenderla per difenderci\u201d workshop con Nino Galloni ed il Partito Umanista La cosiddetta \u201ccrisi\u201d dell\u2019Euro-Zona\u00a0 \u00e8 in verit\u00e0 una guerra moderna, &hellip; <\/p>\n","protected":false},"author":2,"featured_media":0,"parent":0,"menu_order":0,"comment_status":"open","ping_status":"open","template":"","meta":{"footnotes":""},"class_list":["post-82","page","type-page","status-publish","hentry"],"_links":{"self":[{"href":"https:\/\/www.pumilano.it\/workshop-euro-guerra\/wp-json\/wp\/v2\/pages\/82","targetHints":{"allow":["GET"]}}],"collection":[{"href":"https:\/\/www.pumilano.it\/workshop-euro-guerra\/wp-json\/wp\/v2\/pages"}],"about":[{"href":"https:\/\/www.pumilano.it\/workshop-euro-guerra\/wp-json\/wp\/v2\/types\/page"}],"author":[{"embeddable":true,"href":"https:\/\/www.pumilano.it\/workshop-euro-guerra\/wp-json\/wp\/v2\/users\/2"}],"replies":[{"embeddable":true,"href":"https:\/\/www.pumilano.it\/workshop-euro-guerra\/wp-json\/wp\/v2\/comments?post=82"}],"version-history":[{"count":11,"href":"https:\/\/www.pumilano.it\/workshop-euro-guerra\/wp-json\/wp\/v2\/pages\/82\/revisions"}],"predecessor-version":[{"id":102,"href":"https:\/\/www.pumilano.it\/workshop-euro-guerra\/wp-json\/wp\/v2\/pages\/82\/revisions\/102"}],"wp:attachment":[{"href":"https:\/\/www.pumilano.it\/workshop-euro-guerra\/wp-json\/wp\/v2\/media?parent=82"}],"curies":[{"name":"wp","href":"https:\/\/api.w.org\/{rel}","templated":true}]}}