{"id":332,"date":"2013-05-31T01:05:17","date_gmt":"2013-05-30T23:05:17","guid":{"rendered":"http:\/\/www.pumilano.it\/workshop-euro-guerra\/?page_id=332"},"modified":"2013-06-19T04:07:53","modified_gmt":"2013-06-19T02:07:53","slug":"prenotazioni","status":"publish","type":"page","link":"https:\/\/www.pumilano.it\/workshop-euro-guerra\/prenotazioni\/","title":{"rendered":"prenotazioni"},"content":{"rendered":"<p>Lo &#8220;Spazio del Sole e della Luna&#8221; che \u00e8 il luogo dove si svolge il workshop<strong> contiene al massimo 100 persone<\/strong> e non \u00e8 possibile superare tale capacit\u00e0 , per questa ragione \u00e8 buona cosa <strong>prenotarsi il posto<\/strong>.<\/p>\n<p>L&#8217; entrata \u00e8 libera, nonostante ci\u00f2 proponiamo a tutti di condividere le spese con una libera donazione online, per chi desidera prenotarsi ma per varie ragioni non f\u00e0 la donazione online \u00e8 possibile prenotarsi ugualmente sotto al banner di della donazione.<\/p>\n<p><iframe loading=\"lazy\" src=\"http:\/\/www.kapipal.com\/embed?id=0df1384f80a04d3b8130994851a52a1c&amp;v=1&amp;l=it-IT\" height=\"240\" width=\"200\" frameborder=\"0\" scrolling=\"no\"><\/iframe><\/p>\n<p><code>[event post_id=\"952\"]<\/code><\/p>\n<h4><strong>#_EVENTNAME &#8211; Milano<br \/>\n<\/strong><\/h4>\n<h4><strong>#_BOOKINGFORM<\/strong><\/h4>\n<h4><code>[\/event]<\/code><\/h4>\n<p><strong>Se la donazione la fate prima, varr\u00e0 come posto prenotato<\/strong> a partire dalle prime file. ( nel caso volete solo donare e non presenzierete baster\u00e0 mettere un commento)<\/p>\n","protected":false},"excerpt":{"rendered":"<p>Lo &#8220;Spazio del Sole e della Luna&#8221; che \u00e8 il luogo dove si svolge il workshop contiene al massimo 100 persone e non \u00e8 possibile &hellip; <\/p>\n","protected":false},"author":2,"featured_media":0,"parent":0,"menu_order":0,"comment_status":"closed","ping_status":"open","template":"","meta":{"footnotes":""},"class_list":["post-332","page","type-page","status-publish","hentry"],"_links":{"self":[{"href":"https:\/\/www.pumilano.it\/workshop-euro-guerra\/wp-json\/wp\/v2\/pages\/332","targetHints":{"allow":["GET"]}}],"collection":[{"href":"https:\/\/www.pumilano.it\/workshop-euro-guerra\/wp-json\/wp\/v2\/pages"}],"about":[{"href":"https:\/\/www.pumilano.it\/workshop-euro-guerra\/wp-json\/wp\/v2\/types\/page"}],"author":[{"embeddable":true,"href":"https:\/\/www.pumilano.it\/workshop-euro-guerra\/wp-json\/wp\/v2\/users\/2"}],"replies":[{"embeddable":true,"href":"https:\/\/www.pumilano.it\/workshop-euro-guerra\/wp-json\/wp\/v2\/comments?post=332"}],"version-history":[{"count":18,"href":"https:\/\/www.pumilano.it\/workshop-euro-guerra\/wp-json\/wp\/v2\/pages\/332\/revisions"}],"predecessor-version":[{"id":1022,"href":"https:\/\/www.pumilano.it\/workshop-euro-guerra\/wp-json\/wp\/v2\/pages\/332\/revisions\/1022"}],"wp:attachment":[{"href":"https:\/\/www.pumilano.it\/workshop-euro-guerra\/wp-json\/wp\/v2\/media?parent=332"}],"curies":[{"name":"wp","href":"https:\/\/api.w.org\/{rel}","templated":true}]}}